{"id":636,"date":"2021-07-20T20:24:57","date_gmt":"2021-07-20T20:24:57","guid":{"rendered":"https:\/\/zamekgolancz.pl\/?page_id=636"},"modified":"2022-07-06T15:54:26","modified_gmt":"2022-07-06T15:54:26","slug":"mowia-o-nas","status":"publish","type":"page","link":"https:\/\/zamekgolancz.pl\/?page_id=636","title":{"rendered":"M\u00f3wi\u0105 o nas"},"content":{"rendered":"\n<p>Informacje o naszych osi\u0105gni\u0119ciach pojawiaj\u0105 si\u0119 regularnie we wszystkich mediach regionu, w tym najwi\u0119kszych jak Wasze Radio FM oraz Tygodnik Nowy. Poza tym cz\u0119sto mo\u017cna o nas poczyta\u0107 w Tygodniku W\u0105growieckim, na portalach: Okno na W\u0105growiec, Portal WRC, Dziennik Nowy, W\u0105growiec Nasze Miasto, Kcynia24.pl, Powiat24.pl, Kcynia.info oraz na facebooku powy\u017cszych portali. Na fb pisz\u0105 o nas tak\u017ce takie strony jak Gazeta W\u0105growiecka, Moja Go\u0142a\u0144cz &#8211; wczoraj, dzi\u015b i jutro. Nasz fanpage na facebooku odwiedza nawet 30 000 os\u00f3b miesi\u0119cznie. Wiadomo\u015bci o nas mo\u017cna tak\u017ce znale\u017a\u0107 na stronach samorz\u0105d\u00f3w &#8211; powiatu w\u0105growieckiego, gminy Go\u0142a\u0144cz, gminy Kcynia. Poni\u017cej przyk\u0142adowe artyku\u0142y z gazet i linki do portali.<\/p>\n\n\n\n<figure class=\"wp-block-gallery has-nested-images columns-default is-cropped wp-block-gallery-1 is-layout-flex wp-block-gallery-is-layout-flex\">\n<figure class=\"wp-block-image size-large\"><a href=\"https:\/\/zamekgolancz.pl\/wp-content\/uploads\/2021\/07\/IMG_20210720_220442419.jpg\"><img loading=\"lazy\" decoding=\"async\" width=\"1024\" height=\"768\" data-id=\"637\" src=\"https:\/\/zamekgolancz.pl\/wp-content\/uploads\/2021\/07\/IMG_20210720_220442419-1024x768.jpg\" alt=\"\" class=\"wp-image-637\" srcset=\"https:\/\/zamekgolancz.pl\/wp-content\/uploads\/2021\/07\/IMG_20210720_220442419-1024x768.jpg 1024w, https:\/\/zamekgolancz.pl\/wp-content\/uploads\/2021\/07\/IMG_20210720_220442419-300x225.jpg 300w, https:\/\/zamekgolancz.pl\/wp-content\/uploads\/2021\/07\/IMG_20210720_220442419-768x576.jpg 768w, https:\/\/zamekgolancz.pl\/wp-content\/uploads\/2021\/07\/IMG_20210720_220442419-350x263.jpg 350w, https:\/\/zamekgolancz.pl\/wp-content\/uploads\/2021\/07\/IMG_20210720_220442419.jpg 1105w\" sizes=\"auto, (max-width: 1024px) 100vw, 1024px\" \/><\/a><\/figure>\n\n\n\n<figure class=\"wp-block-image size-large\"><a href=\"https:\/\/zamekgolancz.pl\/wp-content\/uploads\/2021\/07\/IMG_20210720_220455299.jpg\"><img loading=\"lazy\" decoding=\"async\" width=\"283\" height=\"300\" data-id=\"638\" src=\"https:\/\/zamekgolancz.pl\/wp-content\/uploads\/2021\/07\/IMG_20210720_220455299-283x300.jpg\" alt=\"\" class=\"wp-image-638\" srcset=\"https:\/\/zamekgolancz.pl\/wp-content\/uploads\/2021\/07\/IMG_20210720_220455299-283x300.jpg 283w, https:\/\/zamekgolancz.pl\/wp-content\/uploads\/2021\/07\/IMG_20210720_220455299-350x371.jpg 350w, https:\/\/zamekgolancz.pl\/wp-content\/uploads\/2021\/07\/IMG_20210720_220455299.jpg 528w\" sizes=\"auto, (max-width: 283px) 100vw, 283px\" \/><\/a><\/figure>\n\n\n\n<figure class=\"wp-block-image size-large\"><a href=\"https:\/\/zamekgolancz.pl\/wp-content\/uploads\/2021\/07\/IMG_20210720_220523453.jpg\"><img loading=\"lazy\" decoding=\"async\" width=\"300\" height=\"225\" data-id=\"639\" src=\"https:\/\/zamekgolancz.pl\/wp-content\/uploads\/2021\/07\/IMG_20210720_220523453-300x225.jpg\" alt=\"\" class=\"wp-image-639\" srcset=\"https:\/\/zamekgolancz.pl\/wp-content\/uploads\/2021\/07\/IMG_20210720_220523453-300x225.jpg 300w, https:\/\/zamekgolancz.pl\/wp-content\/uploads\/2021\/07\/IMG_20210720_220523453-768x577.jpg 768w, https:\/\/zamekgolancz.pl\/wp-content\/uploads\/2021\/07\/IMG_20210720_220523453-350x263.jpg 350w, https:\/\/zamekgolancz.pl\/wp-content\/uploads\/2021\/07\/IMG_20210720_220523453.jpg 951w\" sizes=\"auto, (max-width: 300px) 100vw, 300px\" \/><\/a><\/figure>\n\n\n\n<figure class=\"wp-block-image size-large\"><a href=\"https:\/\/zamekgolancz.pl\/wp-content\/uploads\/2021\/07\/IMG_20210720_220537575.jpg\"><img loading=\"lazy\" decoding=\"async\" width=\"300\" height=\"230\" data-id=\"640\" src=\"https:\/\/zamekgolancz.pl\/wp-content\/uploads\/2021\/07\/IMG_20210720_220537575-300x230.jpg\" alt=\"\" class=\"wp-image-640\" srcset=\"https:\/\/zamekgolancz.pl\/wp-content\/uploads\/2021\/07\/IMG_20210720_220537575-300x230.jpg 300w, https:\/\/zamekgolancz.pl\/wp-content\/uploads\/2021\/07\/IMG_20210720_220537575-768x589.jpg 768w, https:\/\/zamekgolancz.pl\/wp-content\/uploads\/2021\/07\/IMG_20210720_220537575-350x269.jpg 350w, https:\/\/zamekgolancz.pl\/wp-content\/uploads\/2021\/07\/IMG_20210720_220537575.jpg 847w\" sizes=\"auto, (max-width: 300px) 100vw, 300px\" \/><\/a><\/figure>\n\n\n\n<figure class=\"wp-block-image size-large\"><a href=\"https:\/\/zamekgolancz.pl\/wp-content\/uploads\/2021\/07\/IMG_20210720_220617594.jpg\"><img loading=\"lazy\" decoding=\"async\" width=\"1024\" height=\"568\" data-id=\"641\" src=\"https:\/\/zamekgolancz.pl\/wp-content\/uploads\/2021\/07\/IMG_20210720_220617594-1024x568.jpg\" alt=\"\" class=\"wp-image-641\" srcset=\"https:\/\/zamekgolancz.pl\/wp-content\/uploads\/2021\/07\/IMG_20210720_220617594-1024x568.jpg 1024w, https:\/\/zamekgolancz.pl\/wp-content\/uploads\/2021\/07\/IMG_20210720_220617594-300x166.jpg 300w, https:\/\/zamekgolancz.pl\/wp-content\/uploads\/2021\/07\/IMG_20210720_220617594-768x426.jpg 768w, https:\/\/zamekgolancz.pl\/wp-content\/uploads\/2021\/07\/IMG_20210720_220617594-350x194.jpg 350w, https:\/\/zamekgolancz.pl\/wp-content\/uploads\/2021\/07\/IMG_20210720_220617594.jpg 1185w\" sizes=\"auto, (max-width: 1024px) 100vw, 1024px\" \/><\/a><\/figure>\n\n\n\n<figure class=\"wp-block-image size-large\"><a href=\"https:\/\/zamekgolancz.pl\/wp-content\/uploads\/2021\/09\/zasieg.png\"><img loading=\"lazy\" decoding=\"async\" width=\"352\" height=\"351\" data-id=\"713\" src=\"https:\/\/zamekgolancz.pl\/wp-content\/uploads\/2021\/09\/zasieg.png\" alt=\"\" class=\"wp-image-713\" srcset=\"https:\/\/zamekgolancz.pl\/wp-content\/uploads\/2021\/09\/zasieg.png 352w, https:\/\/zamekgolancz.pl\/wp-content\/uploads\/2021\/09\/zasieg-300x300.png 300w, https:\/\/zamekgolancz.pl\/wp-content\/uploads\/2021\/09\/zasieg-150x150.png 150w, https:\/\/zamekgolancz.pl\/wp-content\/uploads\/2021\/09\/zasieg-350x349.png 350w\" sizes=\"auto, (max-width: 352px) 100vw, 352px\" \/><\/a><\/figure>\n<\/figure>\n\n\n\n<figure class=\"wp-block-embed is-type-video is-provider-youtube wp-block-embed-youtube wp-embed-aspect-16-9 wp-has-aspect-ratio\"><div class=\"wp-block-embed__wrapper\">\n<div class=\"nv-iframe-embed\"><iframe loading=\"lazy\" title=\"50-lecie sekcji podnoszenia ci\u0119\u017car\u00f3w GKS Zamek Go\u0142a\u0144cz\" width=\"1200\" height=\"675\" src=\"https:\/\/www.youtube.com\/embed\/fLGZSzj6Ecg?feature=oembed\" frameborder=\"0\" allow=\"accelerometer; autoplay; clipboard-write; encrypted-media; gyroscope; picture-in-picture\" allowfullscreen><\/iframe><\/div>\n<\/div><\/figure>\n\n\n\n<figure class=\"wp-block-gallery has-nested-images columns-3 is-cropped wp-block-gallery-2 is-layout-flex wp-block-gallery-is-layout-flex\">\n<figure class=\"wp-block-image size-full\"><a href=\"https:\/\/zamekgolancz.pl\/wp-content\/uploads\/2021\/07\/gazetawagrowiecka.jpg\"><img loading=\"lazy\" decoding=\"async\" width=\"605\" height=\"580\" data-id=\"653\" src=\"https:\/\/zamekgolancz.pl\/wp-content\/uploads\/2021\/07\/gazetawagrowiecka.jpg\" alt=\"\" class=\"wp-image-653\" srcset=\"https:\/\/zamekgolancz.pl\/wp-content\/uploads\/2021\/07\/gazetawagrowiecka.jpg 605w, https:\/\/zamekgolancz.pl\/wp-content\/uploads\/2021\/07\/gazetawagrowiecka-300x288.jpg 300w, https:\/\/zamekgolancz.pl\/wp-content\/uploads\/2021\/07\/gazetawagrowiecka-350x336.jpg 350w\" sizes=\"auto, (max-width: 605px) 100vw, 605px\" \/><\/a><\/figure>\n\n\n\n<figure class=\"wp-block-image size-full\"><a href=\"https:\/\/zamekgolancz.pl\/wp-content\/uploads\/2021\/07\/mojagolancz.jpg\"><img loading=\"lazy\" decoding=\"async\" width=\"605\" height=\"560\" data-id=\"654\" src=\"https:\/\/zamekgolancz.pl\/wp-content\/uploads\/2021\/07\/mojagolancz.jpg\" alt=\"\" class=\"wp-image-654\" srcset=\"https:\/\/zamekgolancz.pl\/wp-content\/uploads\/2021\/07\/mojagolancz.jpg 605w, https:\/\/zamekgolancz.pl\/wp-content\/uploads\/2021\/07\/mojagolancz-300x278.jpg 300w, https:\/\/zamekgolancz.pl\/wp-content\/uploads\/2021\/07\/mojagolancz-350x324.jpg 350w\" sizes=\"auto, (max-width: 605px) 100vw, 605px\" \/><\/a><\/figure>\n\n\n\n<figure class=\"wp-block-image size-full\"><a href=\"https:\/\/zamekgolancz.pl\/wp-content\/uploads\/2021\/07\/oknonawagrowiec.jpg\"><img loading=\"lazy\" decoding=\"async\" width=\"606\" height=\"337\" data-id=\"655\" src=\"https:\/\/zamekgolancz.pl\/wp-content\/uploads\/2021\/07\/oknonawagrowiec.jpg\" alt=\"\" class=\"wp-image-655\" srcset=\"https:\/\/zamekgolancz.pl\/wp-content\/uploads\/2021\/07\/oknonawagrowiec.jpg 606w, https:\/\/zamekgolancz.pl\/wp-content\/uploads\/2021\/07\/oknonawagrowiec-300x167.jpg 300w, https:\/\/zamekgolancz.pl\/wp-content\/uploads\/2021\/07\/oknonawagrowiec-350x195.jpg 350w\" sizes=\"auto, (max-width: 606px) 100vw, 606px\" \/><\/a><\/figure>\n\n\n\n<figure class=\"wp-block-image size-full\"><a href=\"https:\/\/zamekgolancz.pl\/wp-content\/uploads\/2021\/07\/portalwrc.jpg\"><img loading=\"lazy\" decoding=\"async\" width=\"605\" height=\"350\" data-id=\"656\" src=\"https:\/\/zamekgolancz.pl\/wp-content\/uploads\/2021\/07\/portalwrc.jpg\" alt=\"\" class=\"wp-image-656\" srcset=\"https:\/\/zamekgolancz.pl\/wp-content\/uploads\/2021\/07\/portalwrc.jpg 605w, https:\/\/zamekgolancz.pl\/wp-content\/uploads\/2021\/07\/portalwrc-300x174.jpg 300w, https:\/\/zamekgolancz.pl\/wp-content\/uploads\/2021\/07\/portalwrc-350x202.jpg 350w\" sizes=\"auto, (max-width: 605px) 100vw, 605px\" \/><\/a><\/figure>\n\n\n\n<figure class=\"wp-block-image size-full\"><a href=\"https:\/\/zamekgolancz.pl\/wp-content\/uploads\/2021\/07\/waszeradio.jpg\"><img loading=\"lazy\" decoding=\"async\" width=\"603\" height=\"550\" data-id=\"657\" src=\"https:\/\/zamekgolancz.pl\/wp-content\/uploads\/2021\/07\/waszeradio.jpg\" alt=\"\" class=\"wp-image-657\" srcset=\"https:\/\/zamekgolancz.pl\/wp-content\/uploads\/2021\/07\/waszeradio.jpg 603w, https:\/\/zamekgolancz.pl\/wp-content\/uploads\/2021\/07\/waszeradio-300x274.jpg 300w, https:\/\/zamekgolancz.pl\/wp-content\/uploads\/2021\/07\/waszeradio-350x319.jpg 350w\" sizes=\"auto, (max-width: 603px) 100vw, 603px\" \/><\/a><\/figure>\n\n\n\n<figure class=\"wp-block-image size-full\"><a href=\"https:\/\/zamekgolancz.pl\/wp-content\/uploads\/2021\/09\/roza-1.png\"><img loading=\"lazy\" decoding=\"async\" width=\"682\" height=\"497\" data-id=\"714\" src=\"https:\/\/zamekgolancz.pl\/wp-content\/uploads\/2021\/09\/roza-1.png\" alt=\"\" class=\"wp-image-714\" srcset=\"https:\/\/zamekgolancz.pl\/wp-content\/uploads\/2021\/09\/roza-1.png 682w, https:\/\/zamekgolancz.pl\/wp-content\/uploads\/2021\/09\/roza-1-300x219.png 300w, https:\/\/zamekgolancz.pl\/wp-content\/uploads\/2021\/09\/roza-1-350x255.png 350w\" sizes=\"auto, (max-width: 682px) 100vw, 682px\" \/><\/a><\/figure>\n\n\n\n<figure class=\"wp-block-image size-full\"><a href=\"https:\/\/zamekgolancz.pl\/wp-content\/uploads\/2021\/07\/waszeradio2.jpg\"><img loading=\"lazy\" decoding=\"async\" width=\"605\" height=\"619\" data-id=\"658\" src=\"https:\/\/zamekgolancz.pl\/wp-content\/uploads\/2021\/07\/waszeradio2.jpg\" alt=\"\" class=\"wp-image-658\" srcset=\"https:\/\/zamekgolancz.pl\/wp-content\/uploads\/2021\/07\/waszeradio2.jpg 605w, https:\/\/zamekgolancz.pl\/wp-content\/uploads\/2021\/07\/waszeradio2-293x300.jpg 293w, https:\/\/zamekgolancz.pl\/wp-content\/uploads\/2021\/07\/waszeradio2-350x358.jpg 350w\" sizes=\"auto, (max-width: 605px) 100vw, 605px\" \/><\/a><\/figure>\n\n\n\n<figure class=\"wp-block-image size-full\"><a href=\"https:\/\/zamekgolancz.pl\/wp-content\/uploads\/2021\/09\/zuzia.png\"><img loading=\"lazy\" decoding=\"async\" width=\"656\" height=\"650\" data-id=\"715\" src=\"https:\/\/zamekgolancz.pl\/wp-content\/uploads\/2021\/09\/zuzia.png\" alt=\"\" class=\"wp-image-715\" srcset=\"https:\/\/zamekgolancz.pl\/wp-content\/uploads\/2021\/09\/zuzia.png 656w, https:\/\/zamekgolancz.pl\/wp-content\/uploads\/2021\/09\/zuzia-300x297.png 300w, https:\/\/zamekgolancz.pl\/wp-content\/uploads\/2021\/09\/zuzia-150x150.png 150w, https:\/\/zamekgolancz.pl\/wp-content\/uploads\/2021\/09\/zuzia-350x347.png 350w\" sizes=\"auto, (max-width: 656px) 100vw, 656px\" \/><\/a><\/figure>\n<\/figure>\n\n\n\n<p><a href=\"https:\/\/wagrowiec.naszemiasto.pl\/golancz-sukces-zawodniczek-w-podnoszeniu-ciezarow-roza-i\/ar\/c2-8424145\">https:\/\/wagrowiec.naszemiasto.pl\/golancz-sukces-zawodniczek-w-podnoszeniu-ciezarow-roza-i\/ar\/c2-8424145<\/a><\/p>\n\n\n\n<p><a href=\"https:\/\/www.polskieradio.pl\/10\/217\/Artykul\/2192758,Kolejne-medale-AMS-w-podnoszeniuciezarow\">https:\/\/www.polskieradio.pl\/10\/217\/Artykul\/2192758,Kolejne-medale-AMS-w-podnoszeniuciezarow<\/a><\/p>\n\n\n\n<p><a href=\"https:\/\/www.przegladsportowy.pl\/uniwersjada-letnia-tajpej-2017\/drugi-dzien-uniwersjady-letniejtajpej-2017\/sf7wkv1\">https:\/\/www.przegladsportowy.pl\/uniwersjada-letnia-tajpej-2017\/drugi-dzien-uniwersjady-letniejtajpej-2017\/sf7wkv1<\/a><\/p>\n\n\n\n<p><a href=\"https:\/\/www.portalwrc.pl\/wagrowiec\/aktualnosci-z-powiatu\/11439-szymon-rotnicki-zlotymmedalista-mmp-u23\">https:\/\/www.portalwrc.pl\/wagrowiec\/aktualnosci-z-powiatu\/11439-szymon-rotnicki-zlotymmedalista-mmp-u23<\/a><\/p>\n\n\n\n<p><a href=\"https:\/\/www.dzienniknowy.pl\/wiadomosci\/4872,alez-maja-te-dziewczyny-zuza-roza-i-macelina\">https:\/\/www.dzienniknowy.pl\/wiadomosci\/4872,alez-maja-te-dziewczyny-zuza-roza-i-macelina<\/a><\/p>\n\n\n\n<p><a href=\"https:\/\/wagrowiec.naszemiasto.pl\/podnoszenie-ciezarow-zawodnicy-zamku-golancz-wystapilina\/ar\/c2-7953179\">https:\/\/wagrowiec.naszemiasto.pl\/podnoszenie-ciezarow-zawodnicy-zamku-golancz-wystapilina\/ar\/c2-7953179<\/a><\/p>\n\n\n\n<p><a href=\"https:\/\/www.portalwrc.pl\/wagrowiec\/aktualnosci-z-powiatu\/13175-druzyna-zamku-golancz-nazawodach-w-nowym-tomyslu\">https:\/\/www.portalwrc.pl\/wagrowiec\/aktualnosci-z-powiatu\/13175-druzyna-zamku-golancz-nazawodach-w-nowym-tomyslu<\/a><\/p>\n\n\n\n<p><a href=\"https:\/\/www.waszeradiofm.pl\/aktualnosci\/golanieccy-sztangisci-wrocili-z-krajowych-mistrzostw-zmedalami\">https:\/\/www.waszeradiofm.pl\/aktualnosci\/golanieccy-sztangisci-wrocili-z-krajowych-mistrzostw-zmedalami<\/a><\/p>\n\n\n\n<p><a href=\"https:\/\/oknonawagrowiec.pl\/ale-rwali-ale-podrzucali-trzy-medale-zlote-trzy-srebrne-trzy-brazowezdjecia\/\">https:\/\/oknonawagrowiec.pl\/ale-rwali-ale-podrzucali-trzy-medale-zlote-trzy-srebrne-trzy-brazowezdjecia\/<\/a><\/p>\n\n\n\n<p><a href=\"https:\/\/wagrowiec.naszemiasto.pl\/oto-wicemistrz-swiata-w-podnoszeniu-ciezarow-wakademickich\/ar\/c2-4821303\">https:\/\/wagrowiec.naszemiasto.pl\/oto-wicemistrz-swiata-w-podnoszeniu-ciezarow-wakademickich\/ar\/c2-4821303<\/a><\/p>\n\n\n\n<p><a href=\"https:\/\/www.powiat24.pl\/Sukcesy_mieszkanek_gminy_Kcynia._Zloto,_srebro_i_braz,78104.html\">https:\/\/www.powiat24.pl\/Sukcesy_mieszkanek_gminy_Kcynia._Zloto,_srebro_i_braz,78104.html<\/a><\/p>\n\n\n\n<p><a href=\"https:\/\/kurier-nakielski.pl\/mlodzi-aktywni-dla-siebie-i-regionu-szymon-powalisz-zwyciezcaplebiscytu-mlody-talent-krajny-i-paluk-2020\/\">https:\/\/kurier-nakielski.pl\/mlodzi-aktywni-dla-siebie-i-regionu-szymon-powalisz-zwyciezcaplebiscytu-mlody-talent-krajny-i-paluk-2020\/<\/a><\/p>\n\n\n\n<p><a href=\"https:\/\/wagrowiec.naszemiasto.pl\/sukcesy-zawodnikow-zamku-golancz-wieloboju-atletycznym\/ar\/c2-8447369\">https:\/\/wagrowiec.naszemiasto.pl\/sukcesy-zawodnikow-zamku-golancz-wieloboju-atletycznym\/ar\/c2-8447369<\/a><\/p>\n\n\n\n<p><a href=\"https:\/\/www.portalwrc.pl\/wagrowiec\/aktualnosci-z-powiatu\/12870-sukcesy-zwodnikow-gks-zamekw-podnoszeniu-ciezarow\">https:\/\/www.portalwrc.pl\/wagrowiec\/aktualnosci-z-powiatu\/12870-sukcesy-zwodnikow-gks-zamekw-podnoszeniu-ciezarow<\/a><\/p>\n\n\n\n<p><a href=\"https:\/\/www.wagrowiec.pl\/541,aktualnosci?tresc=12959\">https:\/\/www.wagrowiec.pl\/541,aktualnosci?tresc=12959<\/a><\/p>\n\n\n\n<p><a href=\"http:\/\/www.kcynia.pl\/aktualnosci\/ogromny-sukces-marceliny-wozniak.html\">http:\/\/www.kcynia.pl\/aktualnosci\/ogromny-sukces-marceliny-wozniak.html<\/a><\/p>\n\n\n\n<p><a href=\"https:\/\/www.gniezno-fakty-interwencje.pl\/gniezno-podnoszenie-ciezarow-najlepsi\/\">https:\/\/www.gniezno-fakty-interwencje.pl\/gniezno-podnoszenie-ciezarow-najlepsi\/<\/a><\/p>\n\n\n\n<p><a href=\"http:\/\/www.police.pl\/wiadomosci\/aktualnosci\/1663-ii-memorial-im-antoniego-rogowskiego-i-xxixmemorial-im-tadeusza-iwanca.html\">http:\/\/www.police.pl\/wiadomosci\/aktualnosci\/1663-ii-memorial-im-antoniego-rogowskiego-i-xxixmemorial-im-tadeusza-iwanca.html<\/a><\/p>\n\n\n\n<p><a href=\"https:\/\/golancz.pl\/wiadomosci\/154913\/zloty-szymon\">https:\/\/golancz.pl\/wiadomosci\/154913\/zloty-szymon<\/a><\/p>\n\n\n\n<p><a href=\"https:\/\/wiecbork.pl\/55214\/\">https:\/\/wiecbork.pl\/55214\/<\/a><\/p>\n\n\n\n<p><a href=\"https:\/\/sport.onet.pl\/sport-akademicki\/polscy-sztangisci-z-czterema-medalami-podczasakademickich-mistrzostw-swiata\/yh32qst\">https:\/\/sport.onet.pl\/sport-akademicki\/polscy-sztangisci-z-czterema-medalami-podczasakademickich-mistrzostw-swiata\/yh32qst<\/a><\/p>\n\n\n\n<p><a href=\"https:\/\/www.radiomaryja.pl\/informacje\/minal-drugi-dzien-zmagan-polakow-uniwersjadzie-tajpej\/\">https:\/\/www.radiomaryja.pl\/informacje\/minal-drugi-dzien-zmagan-polakow-uniwersjadzie-tajpej\/<\/a><\/p>\n\n\n\n<p><a href=\"https:\/\/www.fisu.net\/news\/weightlifting\/first-gold-for-host-nation-poland-at-wuc-weightlifting\">https:\/\/www.fisu.net\/news\/weightlifting\/first-gold-for-host-nation-poland-at-wuc-weightlifting<\/a><\/p>\n\n\n\n<p><a href=\"https:\/\/oknonawagrowiec.pl\/nasi-rzadza-pan-przemyslaw-w-zarzadzie-zwiazku\/?fbclid=IwAR3ZkpN5l9tTczaNVr9WSd6dmJUpDsW2BA7H1nIP97w84-uCGNZX-e6PKqk\">https:\/\/oknonawagrowiec.pl\/nasi-rzadza-pan-przemyslaw-w-zarzadzie-zwiazku\/?fbclid=IwAR3ZkpN5l9tTczaNVr9WSd6dmJUpDsW2BA7H1nIP97w84-uCGNZX-e6PKqk<\/a><\/p>\n\n\n\n<p><a href=\"http:\/\/www.portalwrc.pl\/wagrowiec\/aktualnosci-z-powiatu\/14811-przemyslaw-ciosek-w-zarzadzie-pzpc?fbclid=IwAR2Nj3qMqLstPqX5mAb7lVAJsRZUh9aiHzCJVM4awVO5YTDAa3Vyebai9lM\">http:\/\/www.portalwrc.pl\/wagrowiec\/aktualnosci-z-powiatu\/14811-przemyslaw-ciosek-w-zarzadzie-pzpc?fbclid=IwAR2Nj3qMqLstPqX5mAb7lVAJsRZUh9aiHzCJVM4awVO5YTDAa3Vyebai9lM<\/a><\/p>\n\n\n\n<p><a href=\"https:\/\/oknonawagrowiec.pl\/brawo-zuzia-nasza-reprezentantka-znow-wrocila-z-medalami-zdjecia\/\">https:\/\/oknonawagrowiec.pl\/brawo-zuzia-nasza-reprezentantka-znow-wrocila-z-medalami-zdjecia\/<\/a><\/p>\n\n\n\n<p><a href=\"https:\/\/oknonawagrowiec.pl\/podnoszenie-ciezarow-szymon-z-rekordami-i-tytulem-wicemistrza-polski-zdjecia\/\">https:\/\/oknonawagrowiec.pl\/podnoszenie-ciezarow-szymon-z-rekordami-i-tytulem-wicemistrza-polski-zdjecia\/<\/a><\/p>\n\n\n\n<p><a href=\"https:\/\/oknonawagrowiec.pl\/nasi-atleci-byli-niegoscinni-i-rywali-pokonali-zdjecia\/\">https:\/\/oknonawagrowiec.pl\/nasi-atleci-byli-niegoscinni-i-rywali-pokonali-zdjecia\/<\/a><\/p>\n\n\n\n<p><a href=\"https:\/\/oknonawagrowiec.pl\/podnoszenie-ciezarow-nasi-jak-zawsze-wrocili-z-medalami-zdjecia\/\">https:\/\/oknonawagrowiec.pl\/podnoszenie-ciezarow-nasi-jak-zawsze-wrocili-z-medalami-zdjecia\/<\/a><\/p>\n\n\n\n<p><a href=\"https:\/\/oknonawagrowiec.pl\/podnoszenie-ciezarow-nasze-dziewczyny-sa-na-zgrupowaniu-kadry-narodowej\/\">https:\/\/oknonawagrowiec.pl\/podnoszenie-ciezarow-nasze-dziewczyny-sa-na-zgrupowaniu-kadry-narodowej\/<\/a><\/p>\n\n\n\n<p><a href=\"https:\/\/oknonawagrowiec.pl\/mistrzostwa-wielkopolski-nasi-mlodzi-ciezarowcy-jak-zawsze-wrocili-z-medalami-zdjecia\/\">https:\/\/oknonawagrowiec.pl\/mistrzostwa-wielkopolski-nasi-mlodzi-ciezarowcy-jak-zawsze-wrocili-z-medalami-zdjecia\/<\/a><\/p>\n\n\n\n<p><a href=\"https:\/\/www.portalwrc.pl\/wagrowiec\/aktualnosci-z-powiatu\/13816-sztangisci-gks-zamek-golancz-z-kolejnymi-medalami\">https:\/\/www.portalwrc.pl\/wagrowiec\/aktualnosci-z-powiatu\/13816-sztangisci-gks-zamek-golancz-z-kolejnymi-medalami<\/a><\/p>\n\n\n\n<p><a href=\"https:\/\/www.portalwrc.pl\/wagrowiec\/aktualnosci-z-powiatu\/14506-zuzanna-slipek-srebrna-medalistka-mistrzostw-polski\">https:\/\/www.portalwrc.pl\/wagrowiec\/aktualnosci-z-powiatu\/14506-zuzanna-slipek-srebrna-medalistka-mistrzostw-polski<\/a><\/p>\n\n\n\n<p><a href=\"https:\/\/www.portalwrc.pl\/wagrowiec\/aktualnosci-z-powiatu\/14274-w-golanczy-odbyly-sie-wielkopolskie-wieloboje-atletyczne\">https:\/\/www.portalwrc.pl\/wagrowiec\/aktualnosci-z-powiatu\/14274-w-golanczy-odbyly-sie-wielkopolskie-wieloboje-atletyczne<\/a><\/p>\n\n\n\n<p><a href=\"https:\/\/www.portalwrc.pl\/wagrowiec\/aktualnosci-z-powiatu\/14468-wicemistrz-polski-szymon-rotnicki-odwiedzil-staroste\">https:\/\/www.portalwrc.pl\/wagrowiec\/aktualnosci-z-powiatu\/14468-wicemistrz-polski-szymon-rotnicki-odwiedzil-staroste<\/a><\/p>\n\n\n\n<p><a href=\"https:\/\/www.portalwrc.pl\/wagrowiec\/aktualnosci-z-powiatu\/12295-turniej-w-podnoszeniu-ciezarow-w-golanczy\">https:\/\/www.portalwrc.pl\/wagrowiec\/aktualnosci-z-powiatu\/12295-turniej-w-podnoszeniu-ciezarow-w-golanczy<\/a><\/p>\n\n\n\n<p><a href=\"https:\/\/wagrowiec.naszemiasto.pl\/gmina-golancz-sukces-reprezentantki-zamku-golancz-w\/ar\/c2-8366062\">https:\/\/wagrowiec.naszemiasto.pl\/gmina-golancz-sukces-reprezentantki-zamku-golancz-w\/ar\/c2-8366062<\/a><\/p>\n\n\n\n<p><a href=\"https:\/\/www.dzienniknowy.pl\/wiadomosci\/5100,zuza-do-arabii-saudyjskiej\">https:\/\/www.dzienniknowy.pl\/wiadomosci\/5100,zuza-do-arabii-saudyjskiej<\/a><\/p>\n\n\n\n<p><a href=\"https:\/\/www.dzienniknowy.pl\/wiadomosci\/5068,trener-daje-przyklad\">https:\/\/www.dzienniknowy.pl\/wiadomosci\/5068,trener-daje-przyklad<\/a><\/p>\n\n\n\n<p><\/p>\n","protected":false},"excerpt":{"rendered":"<p>Informacje o naszych osi\u0105gni\u0119ciach pojawiaj\u0105 si\u0119 regularnie we wszystkich mediach regionu, w tym najwi\u0119kszych jak Wasze Radio FM oraz Tygodnik Nowy. Poza tym cz\u0119sto mo\u017cna o nas poczyta\u0107 w Tygodniku W\u0105growieckim, na portalach: Okno na W\u0105growiec, Portal WRC, Dziennik Nowy, W\u0105growiec Nasze Miasto, Kcynia24.pl, Powiat24.pl, Kcynia.info oraz na facebooku powy\u017cszych portali. Na fb pisz\u0105 o&hellip;&nbsp;<a href=\"https:\/\/zamekgolancz.pl\/?page_id=636\" class=\"\" rel=\"bookmark\">Czytaj wi\u0119cej &raquo;<span class=\"screen-reader-text\">M\u00f3wi\u0105 o nas<\/span><\/a><\/p>\n","protected":false},"author":1,"featured_media":0,"parent":0,"menu_order":0,"comment_status":"closed","ping_status":"closed","template":"","meta":{"_monsterinsights_skip_tracking":false,"_monsterinsights_sitenote_active":false,"_monsterinsights_sitenote_note":"","_monsterinsights_sitenote_category":0,"neve_meta_sidebar":"full-width","neve_meta_container":"","neve_meta_enable_content_width":"on","neve_meta_content_width":100,"neve_meta_title_alignment":"","neve_meta_author_avatar":"","neve_post_elements_order":"","neve_meta_disable_header":"","neve_meta_disable_footer":"","neve_meta_disable_title":"","footnotes":""},"class_list":["post-636","page","type-page","status-publish","hentry"],"_links":{"self":[{"href":"https:\/\/zamekgolancz.pl\/index.php?rest_route=\/wp\/v2\/pages\/636","targetHints":{"allow":["GET"]}}],"collection":[{"href":"https:\/\/zamekgolancz.pl\/index.php?rest_route=\/wp\/v2\/pages"}],"about":[{"href":"https:\/\/zamekgolancz.pl\/index.php?rest_route=\/wp\/v2\/types\/page"}],"author":[{"embeddable":true,"href":"https:\/\/zamekgolancz.pl\/index.php?rest_route=\/wp\/v2\/users\/1"}],"replies":[{"embeddable":true,"href":"https:\/\/zamekgolancz.pl\/index.php?rest_route=%2Fwp%2Fv2%2Fcomments&post=636"}],"version-history":[{"count":11,"href":"https:\/\/zamekgolancz.pl\/index.php?rest_route=\/wp\/v2\/pages\/636\/revisions"}],"predecessor-version":[{"id":972,"href":"https:\/\/zamekgolancz.pl\/index.php?rest_route=\/wp\/v2\/pages\/636\/revisions\/972"}],"wp:attachment":[{"href":"https:\/\/zamekgolancz.pl\/index.php?rest_route=%2Fwp%2Fv2%2Fmedia&parent=636"}],"curies":[{"name":"wp","href":"https:\/\/api.w.org\/{rel}","templated":true}]}}