{"id":784,"date":"2022-01-04T12:28:03","date_gmt":"2022-01-04T12:28:03","guid":{"rendered":"https:\/\/zamekgolancz.pl\/?page_id=784"},"modified":"2022-01-10T18:19:57","modified_gmt":"2022-01-10T18:19:57","slug":"1-podatku","status":"publish","type":"page","link":"https:\/\/zamekgolancz.pl\/?page_id=784","title":{"rendered":"1% podatku"},"content":{"rendered":"\t\t<div data-elementor-type=\"wp-page\" data-elementor-id=\"784\" class=\"elementor elementor-784\" data-elementor-settings=\"[]\">\n\t\t\t\t\t\t\t<div class=\"elementor-section-wrap\">\n\t\t\t\t\t\t\t<section class=\"elementor-section elementor-top-section elementor-element elementor-element-4b75ce77 elementor-section-boxed elementor-section-height-default elementor-section-height-default exad-glass-effect-no exad-sticky-section-no\" data-id=\"4b75ce77\" data-element_type=\"section\">\n\t\t\t\t\t\t<div class=\"elementor-container elementor-column-gap-default\">\n\t\t\t\t\t<div class=\"elementor-column elementor-col-100 elementor-top-column elementor-element elementor-element-3d9e5054 exad-glass-effect-no exad-sticky-section-no\" data-id=\"3d9e5054\" data-element_type=\"column\">\n\t\t\t<div class=\"elementor-widget-wrap\">\n\t\t\t\t\t\t\t\t\t<\/div>\n\t\t<\/div>\n\t\t\t\t\t\t\t<\/div>\n\t\t<\/section>\n\t\t\t\t<section class=\"elementor-section elementor-top-section elementor-element elementor-element-78306873 elementor-section-boxed elementor-section-height-default elementor-section-height-default exad-glass-effect-no exad-sticky-section-no\" data-id=\"78306873\" data-element_type=\"section\">\n\t\t\t\t\t\t<div class=\"elementor-container elementor-column-gap-default\">\n\t\t\t\t\t\t\t\t<\/div>\n\t\t<\/section>\n\t\t\t\t<section class=\"elementor-section elementor-top-section elementor-element elementor-element-1df87691 elementor-section-full_width elementor-section-height-default elementor-section-height-default exad-glass-effect-no exad-sticky-section-no\" data-id=\"1df87691\" data-element_type=\"section\">\n\t\t\t\t\t\t<div class=\"elementor-container elementor-column-gap-wide\">\n\t\t\t\t\t<div class=\"elementor-column elementor-col-50 elementor-top-column elementor-element elementor-element-132102d8 exad-glass-effect-no exad-sticky-section-no\" data-id=\"132102d8\" data-element_type=\"column\" data-settings=\"{&quot;background_background&quot;:&quot;classic&quot;}\">\n\t\t\t<div class=\"elementor-widget-wrap elementor-element-populated\">\n\t\t\t\t\t\t\t\t<div class=\"elementor-element elementor-element-7f2b2c8a exad-sticky-section-no exad-glass-effect-no elementor-widget elementor-widget-text-editor\" data-id=\"7f2b2c8a\" data-element_type=\"widget\" data-widget_type=\"text-editor.default\">\n\t\t\t\t<div class=\"elementor-widget-container\">\n\t\t\t\t\t\t\t\t<!-- wp:paragraph -->\n<p>Nasza sekcja nale\u017cy do Wielkopolskiego Zrzeszenia LZS, wi\u0119c mamy mo\u017cliwo\u015b\u0107 z korzystania ze \u015brodk\u00f3w przekazywanych w ramach odpisu podatku dochodowego.<\/p>\n<p><strong>Jak przekaza\u0107 1% podatku?<\/strong><\/p>\n<!-- \/wp:paragraph --><!-- wp:paragraph -->\n<p>W deklaracji podatkowej nale\u017cy wype\u0142ni\u0107 trzy pola:<\/p>\n<!-- \/wp:paragraph --><!-- wp:paragraph -->\n<p>&#8211; Numer KRS organizacji: <strong>0000137358<\/strong><\/p>\n<!-- \/wp:paragraph --><!-- wp:paragraph -->\n<p>&#8211; Przekazywana kwota, kt\u00f3ra nie mo\u017ce przekroczy\u0107 1%<\/p>\n<p>&#8211; Cel szczeg\u00f3\u0142owy: <strong>GKS Zamek Go\u0142a\u0144cz<\/strong><\/p>\n<!-- \/wp:paragraph --><!-- wp:paragraph -->\n<p>Cel szczeg\u00f3\u0142owy trzeba wpisa\u0107 koniecznie, w innym przypadku kwota zostanie przekazana w ca\u0142o\u015bci Wielkopolskiemu Zrzeszeniu LZS.<\/p>\n<!-- \/wp:paragraph --><!-- wp:paragraph -->\n<p><strong>Kto mo\u017ce przekaza\u0107 1% swojego podatku?<\/strong><\/p>\n<!-- \/wp:paragraph --><!-- wp:paragraph -->\n<p>&#8211; \u00a0podatnicy rozliczaj\u0105cy si\u0119 poprzez skal\u0119 podatkow\u0105 (niezale\u017cnie od \u017ar\u00f3d\u0142a, np. umowy o prac\u0119, zlecenia, praw autorskich, zbycia akcji, czy z tzw. innych \u017ar\u00f3de\u0142), czyli poprzez PIT roczny z opodatkowaniem 18% i 32%<\/p>\n<!-- \/wp:paragraph --><!-- wp:paragraph -->\n<p>&#8211; podatkiem liniowym,<\/p>\n<!-- \/wp:paragraph --><!-- wp:paragraph -->\n<p>&#8211; rycza\u0142towo od przychod\u00f3w ewidencjonowanych,<\/p>\n<!-- \/wp:paragraph --><!-- wp:paragraph -->\n<p>&#8211; podatnicy rozliczaj\u0105cy przychody rycza\u0142towe wskazane w ustawie o PIT \u2013 zbycie nieruchomo\u015bci, kapita\u0142y pieni\u0119\u017cne, prawa maj\u0105tkowe.<\/p>\n<!-- \/wp:paragraph --><!-- wp:paragraph -->\n<p><strong>Inne informacje:<\/strong><\/p>\n<!-- \/wp:paragraph --><!-- wp:paragraph -->\n<p>Przekazywan\u0105 kwot\u0119 podatku nale\u017cy zaokr\u0105gli\u0107 do pe\u0142nych dziesi\u0105tek groszy w d\u00f3\u0142. Przyk\u0142adowo, gdy jeden procent wynosi 135,64 z\u0142 przekaza\u0107 nale\u017cy 135,60 z\u0142, gdy kwota ta wynosi 35,59 z\u0142, przekaza\u0107 nale\u017cy 35,50 z\u0142.<\/p>\n<!-- \/wp:paragraph --><!-- wp:paragraph -->\n<p>Darczy\u0144ca mo\u017ce poda\u0107 swoje dane lub te\u017c pozosta\u0107 anonimowym.<\/p>\n<!-- \/wp:paragraph -->\t\t\t\t\t\t<\/div>\n\t\t\t\t<\/div>\n\t\t\t\t\t<\/div>\n\t\t<\/div>\n\t\t\t\t<div class=\"elementor-column elementor-col-50 elementor-top-column elementor-element elementor-element-6bfe4a8e exad-glass-effect-no exad-sticky-section-no elementor-invisible\" data-id=\"6bfe4a8e\" data-element_type=\"column\" data-settings=\"{&quot;animation&quot;:&quot;fadeInRight&quot;,&quot;background_background&quot;:&quot;classic&quot;}\">\n\t\t\t<div class=\"elementor-widget-wrap elementor-element-populated\">\n\t\t\t\t\t\t\t\t<div class=\"exad-link-anything-wrapper elementor-element elementor-element-60feb0d6 exad-sticky-section-no exad-glass-effect-no elementor-widget elementor-widget-text-editor\" data-exad-element-link=\"{&quot;url&quot;:&quot;https:\\\/\\\/zamekgolancz.pl\\\/?page_id=784&quot;,&quot;is_external&quot;:&quot;&quot;,&quot;nofollow&quot;:&quot;&quot;,&quot;custom_attributes&quot;:&quot;&quot;}\" style=\"cursor: pointer\" data-id=\"60feb0d6\" data-element_type=\"widget\" data-widget_type=\"text-editor.default\">\n\t\t\t\t<div class=\"elementor-widget-container\">\n\t\t\t\t\t\t\t\t<p><a href=\"https:\/\/zamekgolancz.pl\/?page_id=784\"><strong>Przeka\u017c nam 1 % podatku<\/strong><\/a><\/p>\t\t\t\t\t\t<\/div>\n\t\t\t\t<\/div>\n\t\t\t\t<div class=\"elementor-element elementor-element-6f6fdb19 exad-sticky-section-no exad-glass-effect-no elementor-widget elementor-widget-text-editor\" data-id=\"6f6fdb19\" data-element_type=\"widget\" data-widget_type=\"text-editor.default\">\n\t\t\t\t<div class=\"elementor-widget-container\">\n\t\t\t\t\t\t\t\t<p><strong>Sponsorzy<\/strong><\/p>\t\t\t\t\t\t<\/div>\n\t\t\t\t<\/div>\n\t\t\t\t<div class=\"elementor-element elementor-element-5ecc1130 exad-sticky-section-no exad-glass-effect-no elementor-widget elementor-widget-text-editor\" data-id=\"5ecc1130\" data-element_type=\"widget\" data-settings=\"{&quot;_animation&quot;:&quot;none&quot;}\" data-widget_type=\"text-editor.default\">\n\t\t\t\t<div class=\"elementor-widget-container\">\n\t\t\t\t\t\t\t\t<p><strong><a href=\"https:\/\/zamekgolancz.pl\/?page_id=197\">Zosta\u0144 sponsorem<\/a><\/strong><\/p>\t\t\t\t\t\t<\/div>\n\t\t\t\t<\/div>\n\t\t\t\t<div class=\"elementor-element elementor-element-2f348a2e exad-sticky-section-no exad-glass-effect-no elementor-widget elementor-widget-text-editor\" data-id=\"2f348a2e\" data-element_type=\"widget\" data-widget_type=\"text-editor.default\">\n\t\t\t\t<div class=\"elementor-widget-container\">\n\t\t\t\t\t\t\t\t<p><strong>Partnerzy<\/strong><\/p>\t\t\t\t\t\t<\/div>\n\t\t\t\t<\/div>\n\t\t\t\t<div class=\"elementor-element elementor-element-5bfa34bf exad-sticky-section-no exad-glass-effect-no elementor-widget elementor-widget-image\" data-id=\"5bfa34bf\" data-element_type=\"widget\" data-widget_type=\"image.default\">\n\t\t\t\t<div class=\"elementor-widget-container\">\n\t\t\t\t\t\t\t\t\t\t\t\t\t\t\t\t<a href=\"http:\/\/www.mediakomp.info\" target=\"_blank\">\n\t\t\t\t\t\t\t<img decoding=\"async\" src=\"https:\/\/zamekgolancz.pl\/wp-content\/uploads\/2021\/05\/logo.png\" title=\"logo\" alt=\"logo\" \/>\t\t\t\t\t\t\t\t<\/a>\n\t\t\t\t\t\t\t\t\t\t\t\t\t\t\t<\/div>\n\t\t\t\t<\/div>\n\t\t\t\t<div class=\"elementor-element elementor-element-dd22b06 exad-sticky-section-no exad-glass-effect-no elementor-widget elementor-widget-text-editor\" data-id=\"dd22b06\" data-element_type=\"widget\" data-widget_type=\"text-editor.default\">\n\t\t\t\t<div class=\"elementor-widget-container\">\n\t\t\t\t\t\t\t\t<p><strong>Media spo\u0142eczno\u015bciowe<\/strong><\/p>\t\t\t\t\t\t<\/div>\n\t\t\t\t<\/div>\n\t\t\t\t<div class=\"elementor-element elementor-element-743dc089 elementor-shape-circle elementor-grid-0 e-grid-align-center exad-sticky-section-no exad-glass-effect-no elementor-widget elementor-widget-social-icons\" data-id=\"743dc089\" data-element_type=\"widget\" data-widget_type=\"social-icons.default\">\n\t\t\t\t<div class=\"elementor-widget-container\">\n\t\t\t\t\t<div class=\"elementor-social-icons-wrapper elementor-grid\">\n\t\t\t\t\t\t\t<div class=\"elementor-grid-item\">\n\t\t\t\t\t<a class=\"elementor-icon elementor-social-icon elementor-social-icon-facebook elementor-animation-skew-backward elementor-repeater-item-c3c6f7b\" href=\"https:\/\/www.facebook.com\/zamekgolancz\" target=\"_blank\">\n\t\t\t\t\t\t<span class=\"elementor-screen-only\">Facebook<\/span>\n\t\t\t\t\t\t<i class=\"fab fa-facebook\"><\/i>\t\t\t\t\t<\/a>\n\t\t\t\t<\/div>\n\t\t\t\t\t\t\t<div class=\"elementor-grid-item\">\n\t\t\t\t\t<a class=\"elementor-icon elementor-social-icon elementor-social-icon-instagram elementor-animation-skew-backward elementor-repeater-item-8b42739\" href=\"https:\/\/www.instagram.com\/zamekgolancz\/\" target=\"_blank\">\n\t\t\t\t\t\t<span class=\"elementor-screen-only\">Instagram<\/span>\n\t\t\t\t\t\t<i class=\"fab fa-instagram\"><\/i>\t\t\t\t\t<\/a>\n\t\t\t\t<\/div>\n\t\t\t\t\t\t\t<div class=\"elementor-grid-item\">\n\t\t\t\t\t<a class=\"elementor-icon elementor-social-icon elementor-social-icon-youtube elementor-animation-skew-backward elementor-repeater-item-ca4c30b\" href=\"https:\/\/www.youtube.com\/channel\/UCmlfDFQ4KkPYEhxWoSpq1zw\" target=\"_blank\">\n\t\t\t\t\t\t<span class=\"elementor-screen-only\">Youtube<\/span>\n\t\t\t\t\t\t<i class=\"fab fa-youtube\"><\/i>\t\t\t\t\t<\/a>\n\t\t\t\t<\/div>\n\t\t\t\t\t\t\t<div class=\"elementor-grid-item\">\n\t\t\t\t\t<a class=\"elementor-icon elementor-social-icon elementor-social-icon-twitter elementor-animation-skew-backward elementor-repeater-item-69d0c7e\" href=\"https:\/\/twitter.com\/zamekgolancz\" target=\"_blank\">\n\t\t\t\t\t\t<span class=\"elementor-screen-only\">Twitter<\/span>\n\t\t\t\t\t\t<i class=\"fab fa-twitter\"><\/i>\t\t\t\t\t<\/a>\n\t\t\t\t<\/div>\n\t\t\t\t\t<\/div>\n\t\t\t\t<\/div>\n\t\t\t\t<\/div>\n\t\t\t\t\t<\/div>\n\t\t<\/div>\n\t\t\t\t\t\t\t<\/div>\n\t\t<\/section>\n\t\t\t\t<section class=\"elementor-section elementor-top-section elementor-element elementor-element-40e298de elementor-section-boxed elementor-section-height-default elementor-section-height-default exad-glass-effect-no exad-sticky-section-no\" data-id=\"40e298de\" data-element_type=\"section\">\n\t\t\t\t\t\t<div class=\"elementor-container elementor-column-gap-default\">\n\t\t\t\t\t\t\t\t<\/div>\n\t\t<\/section>\n\t\t\t\t\t\t<\/div>\n\t\t\t\t\t<\/div>\n\t\t","protected":false},"excerpt":{"rendered":"<p>Nasza sekcja nale\u017cy do Wielkopolskiego Zrzeszenia LZS, wi\u0119c mamy mo\u017cliwo\u015b\u0107 z korzystania ze \u015brodk\u00f3w przekazywanych w ramach odpisu podatku dochodowego. Jak przekaza\u0107 1% podatku? W deklaracji podatkowej nale\u017cy wype\u0142ni\u0107 trzy pola: &#8211; Numer KRS organizacji: 0000137358 &#8211; Przekazywana kwota, kt\u00f3ra nie mo\u017ce przekroczy\u0107 1% &#8211; Cel szczeg\u00f3\u0142owy: GKS Zamek Go\u0142a\u0144cz Cel szczeg\u00f3\u0142owy trzeba wpisa\u0107 koniecznie,&hellip;&nbsp;<a href=\"https:\/\/zamekgolancz.pl\/?page_id=784\" class=\"\" rel=\"bookmark\">Czytaj wi\u0119cej &raquo;<span class=\"screen-reader-text\">1% podatku<\/span><\/a><\/p>\n","protected":false},"author":1,"featured_media":0,"parent":0,"menu_order":0,"comment_status":"closed","ping_status":"closed","template":"elementor_header_footer","meta":{"_monsterinsights_skip_tracking":false,"_monsterinsights_sitenote_active":false,"_monsterinsights_sitenote_note":"","_monsterinsights_sitenote_category":0,"neve_meta_sidebar":"full-width","neve_meta_container":"","neve_meta_enable_content_width":"on","neve_meta_content_width":100,"neve_meta_title_alignment":"","neve_meta_author_avatar":"","neve_post_elements_order":"","neve_meta_disable_header":"","neve_meta_disable_footer":"","neve_meta_disable_title":"","footnotes":""},"class_list":["post-784","page","type-page","status-publish","hentry"],"_links":{"self":[{"href":"https:\/\/zamekgolancz.pl\/index.php?rest_route=\/wp\/v2\/pages\/784","targetHints":{"allow":["GET"]}}],"collection":[{"href":"https:\/\/zamekgolancz.pl\/index.php?rest_route=\/wp\/v2\/pages"}],"about":[{"href":"https:\/\/zamekgolancz.pl\/index.php?rest_route=\/wp\/v2\/types\/page"}],"author":[{"embeddable":true,"href":"https:\/\/zamekgolancz.pl\/index.php?rest_route=\/wp\/v2\/users\/1"}],"replies":[{"embeddable":true,"href":"https:\/\/zamekgolancz.pl\/index.php?rest_route=%2Fwp%2Fv2%2Fcomments&post=784"}],"version-history":[{"count":17,"href":"https:\/\/zamekgolancz.pl\/index.php?rest_route=\/wp\/v2\/pages\/784\/revisions"}],"predecessor-version":[{"id":891,"href":"https:\/\/zamekgolancz.pl\/index.php?rest_route=\/wp\/v2\/pages\/784\/revisions\/891"}],"wp:attachment":[{"href":"https:\/\/zamekgolancz.pl\/index.php?rest_route=%2Fwp%2Fv2%2Fmedia&parent=784"}],"curies":[{"name":"wp","href":"https:\/\/api.w.org\/{rel}","templated":true}]}}